{"id":32,"date":"2015-06-23T21:29:14","date_gmt":"2015-06-23T21:29:14","guid":{"rendered":"http:\/\/www.abogadoquilpue.cl\/?page_id=32"},"modified":"2015-06-26T21:56:48","modified_gmt":"2015-06-27T01:56:48","slug":"inicio","status":"publish","type":"page","link":"https:\/\/www.abogadoquilpue.cl\/","title":{"rendered":"Inicio"},"content":{"rendered":"<p>Abogadoquilpue.cl es un portal especializado en ofrecer servicios de asesor\u00eda jur\u00eddica, con una excelente oferta de abogados en Quilpu\u00e9, con variedad de perfiles, tanto en el \u00e1rea de la litigaci\u00f3n como la asesor\u00eda extrajudicial, lo invitamos cordialmente a contactarnos y as\u00ed obtener la mejor soluci\u00f3n a sus problemas jur\u00eddicos.<\/p>\n","protected":false},"excerpt":{"rendered":"<p>Abogadoquilpue.cl es un portal especializado en ofrecer servicios de asesor\u00eda jur\u00eddica, con una excelente oferta de abogados en Quilpu\u00e9, con variedad de perfiles, tanto en el \u00e1rea de la litigaci\u00f3n como la asesor\u00eda extrajudicial, lo invitamos cordialmente a contactarnos y as\u00ed obtener la mejor soluci\u00f3n a sus problemas jur\u00eddicos.<\/p>\n","protected":false},"author":1,"featured_media":0,"parent":0,"menu_order":0,"comment_status":"closed","ping_status":"closed","template":"","meta":{"footnotes":""},"class_list":["post-32","page","type-page","status-publish","hentry","odd"],"yoast_head":"<!-- This site is optimized with the Yoast SEO plugin v27.4 - https:\/\/yoast.com\/product\/yoast-seo-wordpress\/ -->\n<title>Inicio - Abogados Quilpu\u00e9<\/title>\n<meta name=\"robots\" content=\"index, follow, max-snippet:-1, max-image-preview:large, max-video-preview:-1\" \/>\n<link rel=\"canonical\" href=\"https:\/\/www.abogadoquilpue.cl\/\" \/>\n<meta property=\"og:locale\" content=\"es_ES\" \/>\n<meta property=\"og:type\" content=\"article\" \/>\n<meta property=\"og:title\" content=\"Inicio - Abogados Quilpu\u00e9\" \/>\n<meta property=\"og:description\" content=\"Abogadoquilpue.cl es un portal especializado en ofrecer servicios de asesor\u00eda jur\u00eddica, con una excelente oferta de abogados en Quilpu\u00e9, con variedad de perfiles, tanto en el \u00e1rea de la litigaci\u00f3n como la asesor\u00eda extrajudicial, lo invitamos cordialmente a contactarnos y as\u00ed obtener la mejor soluci\u00f3n a sus problemas jur\u00eddicos.\" \/>\n<meta property=\"og:url\" content=\"https:\/\/www.abogadoquilpue.cl\/\" \/>\n<meta property=\"og:site_name\" content=\"Abogados Quilpu\u00e9\" \/>\n<meta property=\"article:modified_time\" content=\"2015-06-27T01:56:48+00:00\" \/>\n<meta name=\"twitter:card\" content=\"summary_large_image\" \/>\n<script type=\"application\/ld+json\" class=\"yoast-schema-graph\">{\"@context\":\"https:\\\/\\\/schema.org\",\"@graph\":[{\"@type\":\"WebPage\",\"@id\":\"https:\\\/\\\/www.abogadoquilpue.cl\\\/\",\"url\":\"https:\\\/\\\/www.abogadoquilpue.cl\\\/\",\"name\":\"Inicio - Abogados Quilpu\u00e9\",\"isPartOf\":{\"@id\":\"https:\\\/\\\/www.abogadoquilpue.cl\\\/#website\"},\"datePublished\":\"2015-06-23T21:29:14+00:00\",\"dateModified\":\"2015-06-27T01:56:48+00:00\",\"breadcrumb\":{\"@id\":\"https:\\\/\\\/www.abogadoquilpue.cl\\\/#breadcrumb\"},\"inLanguage\":\"es\",\"potentialAction\":[{\"@type\":\"ReadAction\",\"target\":[\"https:\\\/\\\/www.abogadoquilpue.cl\\\/\"]}]},{\"@type\":\"BreadcrumbList\",\"@id\":\"https:\\\/\\\/www.abogadoquilpue.cl\\\/#breadcrumb\",\"itemListElement\":[{\"@type\":\"ListItem\",\"position\":1,\"name\":\"Portada\",\"item\":\"https:\\\/\\\/www.abogadoquilpue.cl\\\/\"},{\"@type\":\"ListItem\",\"position\":2,\"name\":\"Inicio\"}]},{\"@type\":\"WebSite\",\"@id\":\"https:\\\/\\\/www.abogadoquilpue.cl\\\/#website\",\"url\":\"https:\\\/\\\/www.abogadoquilpue.cl\\\/\",\"name\":\"Abogados Quilpu\u00e9\",\"description\":\"Consultorio Jur\u00eddico\",\"potentialAction\":[{\"@type\":\"SearchAction\",\"target\":{\"@type\":\"EntryPoint\",\"urlTemplate\":\"https:\\\/\\\/www.abogadoquilpue.cl\\\/?s={search_term_string}\"},\"query-input\":{\"@type\":\"PropertyValueSpecification\",\"valueRequired\":true,\"valueName\":\"search_term_string\"}}],\"inLanguage\":\"es\"}]}<\/script>\n<!-- \/ Yoast SEO plugin. -->","yoast_head_json":{"title":"Inicio - Abogados Quilpu\u00e9","robots":{"index":"index","follow":"follow","max-snippet":"max-snippet:-1","max-image-preview":"max-image-preview:large","max-video-preview":"max-video-preview:-1"},"canonical":"https:\/\/www.abogadoquilpue.cl\/","og_locale":"es_ES","og_type":"article","og_title":"Inicio - Abogados Quilpu\u00e9","og_description":"Abogadoquilpue.cl es un portal especializado en ofrecer servicios de asesor\u00eda jur\u00eddica, con una excelente oferta de abogados en Quilpu\u00e9, con variedad de perfiles, tanto en el \u00e1rea de la litigaci\u00f3n como la asesor\u00eda extrajudicial, lo invitamos cordialmente a contactarnos y as\u00ed obtener la mejor soluci\u00f3n a sus problemas jur\u00eddicos.","og_url":"https:\/\/www.abogadoquilpue.cl\/","og_site_name":"Abogados Quilpu\u00e9","article_modified_time":"2015-06-27T01:56:48+00:00","twitter_card":"summary_large_image","schema":{"@context":"https:\/\/schema.org","@graph":[{"@type":"WebPage","@id":"https:\/\/www.abogadoquilpue.cl\/","url":"https:\/\/www.abogadoquilpue.cl\/","name":"Inicio - Abogados Quilpu\u00e9","isPartOf":{"@id":"https:\/\/www.abogadoquilpue.cl\/#website"},"datePublished":"2015-06-23T21:29:14+00:00","dateModified":"2015-06-27T01:56:48+00:00","breadcrumb":{"@id":"https:\/\/www.abogadoquilpue.cl\/#breadcrumb"},"inLanguage":"es","potentialAction":[{"@type":"ReadAction","target":["https:\/\/www.abogadoquilpue.cl\/"]}]},{"@type":"BreadcrumbList","@id":"https:\/\/www.abogadoquilpue.cl\/#breadcrumb","itemListElement":[{"@type":"ListItem","position":1,"name":"Portada","item":"https:\/\/www.abogadoquilpue.cl\/"},{"@type":"ListItem","position":2,"name":"Inicio"}]},{"@type":"WebSite","@id":"https:\/\/www.abogadoquilpue.cl\/#website","url":"https:\/\/www.abogadoquilpue.cl\/","name":"Abogados Quilpu\u00e9","description":"Consultorio Jur\u00eddico","potentialAction":[{"@type":"SearchAction","target":{"@type":"EntryPoint","urlTemplate":"https:\/\/www.abogadoquilpue.cl\/?s={search_term_string}"},"query-input":{"@type":"PropertyValueSpecification","valueRequired":true,"valueName":"search_term_string"}}],"inLanguage":"es"}]}},"_links":{"self":[{"href":"https:\/\/www.abogadoquilpue.cl\/index.php\/wp-json\/wp\/v2\/pages\/32","targetHints":{"allow":["GET"]}}],"collection":[{"href":"https:\/\/www.abogadoquilpue.cl\/index.php\/wp-json\/wp\/v2\/pages"}],"about":[{"href":"https:\/\/www.abogadoquilpue.cl\/index.php\/wp-json\/wp\/v2\/types\/page"}],"author":[{"embeddable":true,"href":"https:\/\/www.abogadoquilpue.cl\/index.php\/wp-json\/wp\/v2\/users\/1"}],"replies":[{"embeddable":true,"href":"https:\/\/www.abogadoquilpue.cl\/index.php\/wp-json\/wp\/v2\/comments?post=32"}],"version-history":[{"count":18,"href":"https:\/\/www.abogadoquilpue.cl\/index.php\/wp-json\/wp\/v2\/pages\/32\/revisions"}],"predecessor-version":[{"id":67,"href":"https:\/\/www.abogadoquilpue.cl\/index.php\/wp-json\/wp\/v2\/pages\/32\/revisions\/67"}],"wp:attachment":[{"href":"https:\/\/www.abogadoquilpue.cl\/index.php\/wp-json\/wp\/v2\/media?parent=32"}],"curies":[{"name":"wp","href":"https:\/\/api.w.org\/{rel}","templated":true}]}}