{"id":14,"date":"2015-06-17T12:30:44","date_gmt":"2015-06-17T16:30:44","guid":{"rendered":"http:\/\/www.abogadoquilpue.cl\/?page_id=14"},"modified":"2015-06-26T21:57:36","modified_gmt":"2015-06-27T01:57:36","slug":"servicios","status":"publish","type":"page","link":"https:\/\/www.abogadoquilpue.cl\/index.php\/servicios\/","title":{"rendered":"Servicios"},"content":{"rendered":"<h3>ABOGADOS QUILPU\u00c9, presta servicios en diversas areas del derecho, tales como asuntos de Familia, asuntos civiles, asuntos laborales, Asesoria inmobiliaria, herencias, asesoria comercial y tributaria, materias penales, entre otras.<\/h3>\n<p>Algunas gestiones que en concreto realizamos son:<\/p>\n<div style=\"float: left; width: 45%;\"><strong><\/p>\n<h2>Derecho Familia<\/h2>\n<p><\/strong><\/p>\n<ul>\n<li>Divorcio, ya sea culposo, unilateral o de mutuo acuerdo.<\/li>\n<li>Alimentos, tanto demanda, cese, aumento y rebaja.<\/li>\n<li>Relaci\u00f3n directa y regular.<\/li>\n<li>Cuidado personal.<\/li>\n<li>Medidas de protecci\u00f3n por violencia intrafamiliar.<\/li>\n<li>Reconocimiento de paternidad.<\/li>\n<li>Adopci\u00f3n.<\/li>\n<\/ul>\n<p>&nbsp;<br \/>\n<strong><\/p>\n<h2>Derecho Laboral<\/h2>\n<p><\/strong><\/p>\n<ul>\n<li>Despido indebido o injustificado.<\/li>\n<li>Negociaci\u00f3n.<\/li>\n<li>Pensiones, jubilaciones.<\/li>\n<li>Tutelas laborales.<\/li>\n<li>Asesor\u00cdas a sindicatos.<\/li>\n<\/ul>\n<p>&nbsp;<\/p>\n<\/ul>\n<\/div>\n<div style=\"float: right; width: 45%;\"><strong><\/p>\n<h2>Derecho civil<\/h2>\n<p><\/strong><\/p>\n<ul>\n<li>Liquidaciones y particiones de bienes.<\/li>\n<li>Declaraciones de interdicci\u00f3n.<\/li>\n<li>Juicios de arrendamiento. (Demandante y demandado)<\/li>\n<li>Juicios de comodato. (Demandante y demandado)<\/li>\n<li>Juicios de indemnizaciones de perjuicios. (civiles, polic\u00eda local y administrativas)<\/li>\n<li>Juicios ejecutivos. (Demandante y demandado)<\/li>\n<li>Elaboraci\u00f3n y revisi\u00f3n de contratos.<\/li>\n<li>Representaci\u00f3n, frente a autoridades y \u00f3rganos administrativos.<\/li>\n<li>Revisi\u00f3n de t\u00edtulos.<\/li>\n<li>Informes en derecho.<\/li>\n<li>Inscripci\u00f3n de dominio y otros derechos reales.<\/li>\n<li>Posesiones efectivas. (Testadas e intestadas)<\/li>\n<li>Regulaci\u00f3n de la posesi\u00f3n de bienes ra\u00edces.<\/li>\n<\/ul>\n<\/div>\n<p><strong><\/p>\n<h2>Derecho Penal<\/h2>\n<p><\/strong><\/p>\n<ul>\n<li>Procedimiento abreviado, simplificado, salidas alternativas, juicio oral, etc.<\/li>\n<\/ul>\n<p>&nbsp;<\/p>\n","protected":false},"excerpt":{"rendered":"<p>ABOGADOS QUILPU\u00c9, presta servicios en diversas areas del derecho, tales como asuntos de Familia, asuntos civiles, asuntos laborales, Asesoria inmobiliaria, herencias, asesoria comercial y tributaria, materias penales, entre otras. Algunas gestiones que en concreto realizamos son: Derecho Familia Divorcio, ya sea culposo, unilateral o de mutuo acuerdo. Alimentos, tanto demanda, cese, aumento y rebaja. Relaci\u00f3n &#8230; <a class=\"read-more\" href=\"https:\/\/www.abogadoquilpue.cl\/index.php\/servicios\/\">Leer m\u00e1s<\/a><\/p>\n","protected":false},"author":1,"featured_media":0,"parent":0,"menu_order":2,"comment_status":"closed","ping_status":"closed","template":"","meta":{"footnotes":""},"class_list":["post-14","page","type-page","status-publish","hentry","odd"],"yoast_head":"<!-- This site is optimized with the Yoast SEO plugin v27.4 - https:\/\/yoast.com\/product\/yoast-seo-wordpress\/ -->\n<title>Servicios - Abogados Quilpu\u00e9<\/title>\n<meta name=\"robots\" content=\"index, follow, max-snippet:-1, max-image-preview:large, max-video-preview:-1\" \/>\n<link rel=\"canonical\" href=\"http:\/\/www.abogadoquilpue.cl\/index.php\/servicios\/\" \/>\n<meta property=\"og:locale\" content=\"es_ES\" \/>\n<meta property=\"og:type\" content=\"article\" \/>\n<meta property=\"og:title\" content=\"Servicios - Abogados Quilpu\u00e9\" \/>\n<meta property=\"og:description\" content=\"ABOGADOS QUILPU\u00c9, presta servicios en diversas areas del derecho, tales como asuntos de Familia, asuntos civiles, asuntos laborales, Asesoria inmobiliaria, herencias, asesoria comercial y tributaria, materias penales, entre otras. Algunas gestiones que en concreto realizamos son: Derecho Familia Divorcio, ya sea culposo, unilateral o de mutuo acuerdo. Alimentos, tanto demanda, cese, aumento y rebaja. Relaci\u00f3n ... Leer m\u00e1s\" \/>\n<meta property=\"og:url\" content=\"http:\/\/www.abogadoquilpue.cl\/index.php\/servicios\/\" \/>\n<meta property=\"og:site_name\" content=\"Abogados Quilpu\u00e9\" \/>\n<meta property=\"article:modified_time\" content=\"2015-06-27T01:57:36+00:00\" \/>\n<meta name=\"twitter:card\" content=\"summary_large_image\" \/>\n<meta name=\"twitter:label1\" content=\"Tiempo de lectura\" \/>\n\t<meta name=\"twitter:data1\" content=\"1 minuto\" \/>\n<script type=\"application\/ld+json\" class=\"yoast-schema-graph\">{\"@context\":\"https:\\\/\\\/schema.org\",\"@graph\":[{\"@type\":\"WebPage\",\"@id\":\"http:\\\/\\\/www.abogadoquilpue.cl\\\/index.php\\\/servicios\\\/\",\"url\":\"http:\\\/\\\/www.abogadoquilpue.cl\\\/index.php\\\/servicios\\\/\",\"name\":\"Servicios - Abogados Quilpu\u00e9\",\"isPartOf\":{\"@id\":\"https:\\\/\\\/www.abogadoquilpue.cl\\\/#website\"},\"datePublished\":\"2015-06-17T16:30:44+00:00\",\"dateModified\":\"2015-06-27T01:57:36+00:00\",\"breadcrumb\":{\"@id\":\"http:\\\/\\\/www.abogadoquilpue.cl\\\/index.php\\\/servicios\\\/#breadcrumb\"},\"inLanguage\":\"es\",\"potentialAction\":[{\"@type\":\"ReadAction\",\"target\":[\"http:\\\/\\\/www.abogadoquilpue.cl\\\/index.php\\\/servicios\\\/\"]}]},{\"@type\":\"BreadcrumbList\",\"@id\":\"http:\\\/\\\/www.abogadoquilpue.cl\\\/index.php\\\/servicios\\\/#breadcrumb\",\"itemListElement\":[{\"@type\":\"ListItem\",\"position\":1,\"name\":\"Portada\",\"item\":\"https:\\\/\\\/www.abogadoquilpue.cl\\\/\"},{\"@type\":\"ListItem\",\"position\":2,\"name\":\"Servicios\"}]},{\"@type\":\"WebSite\",\"@id\":\"https:\\\/\\\/www.abogadoquilpue.cl\\\/#website\",\"url\":\"https:\\\/\\\/www.abogadoquilpue.cl\\\/\",\"name\":\"Abogados Quilpu\u00e9\",\"description\":\"Consultorio Jur\u00eddico\",\"potentialAction\":[{\"@type\":\"SearchAction\",\"target\":{\"@type\":\"EntryPoint\",\"urlTemplate\":\"https:\\\/\\\/www.abogadoquilpue.cl\\\/?s={search_term_string}\"},\"query-input\":{\"@type\":\"PropertyValueSpecification\",\"valueRequired\":true,\"valueName\":\"search_term_string\"}}],\"inLanguage\":\"es\"}]}<\/script>\n<!-- \/ Yoast SEO plugin. -->","yoast_head_json":{"title":"Servicios - Abogados Quilpu\u00e9","robots":{"index":"index","follow":"follow","max-snippet":"max-snippet:-1","max-image-preview":"max-image-preview:large","max-video-preview":"max-video-preview:-1"},"canonical":"http:\/\/www.abogadoquilpue.cl\/index.php\/servicios\/","og_locale":"es_ES","og_type":"article","og_title":"Servicios - Abogados Quilpu\u00e9","og_description":"ABOGADOS QUILPU\u00c9, presta servicios en diversas areas del derecho, tales como asuntos de Familia, asuntos civiles, asuntos laborales, Asesoria inmobiliaria, herencias, asesoria comercial y tributaria, materias penales, entre otras. Algunas gestiones que en concreto realizamos son: Derecho Familia Divorcio, ya sea culposo, unilateral o de mutuo acuerdo. Alimentos, tanto demanda, cese, aumento y rebaja. Relaci\u00f3n ... Leer m\u00e1s","og_url":"http:\/\/www.abogadoquilpue.cl\/index.php\/servicios\/","og_site_name":"Abogados Quilpu\u00e9","article_modified_time":"2015-06-27T01:57:36+00:00","twitter_card":"summary_large_image","twitter_misc":{"Tiempo de lectura":"1 minuto"},"schema":{"@context":"https:\/\/schema.org","@graph":[{"@type":"WebPage","@id":"http:\/\/www.abogadoquilpue.cl\/index.php\/servicios\/","url":"http:\/\/www.abogadoquilpue.cl\/index.php\/servicios\/","name":"Servicios - Abogados Quilpu\u00e9","isPartOf":{"@id":"https:\/\/www.abogadoquilpue.cl\/#website"},"datePublished":"2015-06-17T16:30:44+00:00","dateModified":"2015-06-27T01:57:36+00:00","breadcrumb":{"@id":"http:\/\/www.abogadoquilpue.cl\/index.php\/servicios\/#breadcrumb"},"inLanguage":"es","potentialAction":[{"@type":"ReadAction","target":["http:\/\/www.abogadoquilpue.cl\/index.php\/servicios\/"]}]},{"@type":"BreadcrumbList","@id":"http:\/\/www.abogadoquilpue.cl\/index.php\/servicios\/#breadcrumb","itemListElement":[{"@type":"ListItem","position":1,"name":"Portada","item":"https:\/\/www.abogadoquilpue.cl\/"},{"@type":"ListItem","position":2,"name":"Servicios"}]},{"@type":"WebSite","@id":"https:\/\/www.abogadoquilpue.cl\/#website","url":"https:\/\/www.abogadoquilpue.cl\/","name":"Abogados Quilpu\u00e9","description":"Consultorio Jur\u00eddico","potentialAction":[{"@type":"SearchAction","target":{"@type":"EntryPoint","urlTemplate":"https:\/\/www.abogadoquilpue.cl\/?s={search_term_string}"},"query-input":{"@type":"PropertyValueSpecification","valueRequired":true,"valueName":"search_term_string"}}],"inLanguage":"es"}]}},"_links":{"self":[{"href":"https:\/\/www.abogadoquilpue.cl\/index.php\/wp-json\/wp\/v2\/pages\/14","targetHints":{"allow":["GET"]}}],"collection":[{"href":"https:\/\/www.abogadoquilpue.cl\/index.php\/wp-json\/wp\/v2\/pages"}],"about":[{"href":"https:\/\/www.abogadoquilpue.cl\/index.php\/wp-json\/wp\/v2\/types\/page"}],"author":[{"embeddable":true,"href":"https:\/\/www.abogadoquilpue.cl\/index.php\/wp-json\/wp\/v2\/users\/1"}],"replies":[{"embeddable":true,"href":"https:\/\/www.abogadoquilpue.cl\/index.php\/wp-json\/wp\/v2\/comments?post=14"}],"version-history":[{"count":6,"href":"https:\/\/www.abogadoquilpue.cl\/index.php\/wp-json\/wp\/v2\/pages\/14\/revisions"}],"predecessor-version":[{"id":69,"href":"https:\/\/www.abogadoquilpue.cl\/index.php\/wp-json\/wp\/v2\/pages\/14\/revisions\/69"}],"wp:attachment":[{"href":"https:\/\/www.abogadoquilpue.cl\/index.php\/wp-json\/wp\/v2\/media?parent=14"}],"curies":[{"name":"wp","href":"https:\/\/api.w.org\/{rel}","templated":true}]}}