{"id":12,"date":"2015-06-17T12:20:24","date_gmt":"2015-06-17T12:20:24","guid":{"rendered":"http:\/\/www.abogadoquilpue.cl\/?page_id=12"},"modified":"2015-06-26T21:57:17","modified_gmt":"2015-06-27T01:57:17","slug":"nosotros","status":"publish","type":"page","link":"https:\/\/www.abogadoquilpue.cl\/index.php\/nosotros\/","title":{"rendered":"Nosotros"},"content":{"rendered":"<p style=\"text-align: justify;\">ABOGADOS QUILPU\u00c9, es un consultorio jur\u00eddico conformado por abogados con vasta experiencia en las diferentes \u00e1reas en que desarrollan su trabajo, respaldado por un conjunto de estudios jur\u00eddicos que participan en su formaci\u00f3n, con la intenci\u00f3n de profesionalizar el servicio jur\u00eddico proporcionado a sus clientes.<\/p>\n<p style=\"text-align: justify;\">Junto con ellos, conjugamos nuestro trabajo entre el respeto a la experiencia de abogados senior, y la inclusi\u00f3n de una nueva mirada, orientada a responder de la mejor manera a las necesidades de nuestros clientes, logran una respuesta satisfactoria a sus inquietudes y problemas.<\/p>\n","protected":false},"excerpt":{"rendered":"<p>ABOGADOS QUILPU\u00c9, es un consultorio jur\u00eddico conformado por abogados con vasta experiencia en las diferentes \u00e1reas en que desarrollan su trabajo, respaldado por un conjunto de estudios jur\u00eddicos que participan en su formaci\u00f3n, con la intenci\u00f3n de profesionalizar el servicio jur\u00eddico proporcionado a sus clientes. Junto con ellos, conjugamos nuestro trabajo entre el respeto a &#8230; <a class=\"read-more\" href=\"https:\/\/www.abogadoquilpue.cl\/index.php\/nosotros\/\">Leer m\u00e1s<\/a><\/p>\n","protected":false},"author":1,"featured_media":0,"parent":0,"menu_order":1,"comment_status":"closed","ping_status":"closed","template":"","meta":{"footnotes":""},"class_list":["post-12","page","type-page","status-publish","hentry","odd"],"yoast_head":"<!-- This site is optimized with the Yoast SEO plugin v27.4 - https:\/\/yoast.com\/product\/yoast-seo-wordpress\/ -->\n<title>Nosotros - Abogados Quilpu\u00e9<\/title>\n<meta name=\"robots\" content=\"index, follow, max-snippet:-1, max-image-preview:large, max-video-preview:-1\" \/>\n<link rel=\"canonical\" href=\"http:\/\/www.abogadoquilpue.cl\/index.php\/nosotros\/\" \/>\n<meta property=\"og:locale\" content=\"es_ES\" \/>\n<meta property=\"og:type\" content=\"article\" \/>\n<meta property=\"og:title\" content=\"Nosotros - Abogados Quilpu\u00e9\" \/>\n<meta property=\"og:description\" content=\"ABOGADOS QUILPU\u00c9, es un consultorio jur\u00eddico conformado por abogados con vasta experiencia en las diferentes \u00e1reas en que desarrollan su trabajo, respaldado por un conjunto de estudios jur\u00eddicos que participan en su formaci\u00f3n, con la intenci\u00f3n de profesionalizar el servicio jur\u00eddico proporcionado a sus clientes. Junto con ellos, conjugamos nuestro trabajo entre el respeto a ... Leer m\u00e1s\" \/>\n<meta property=\"og:url\" content=\"http:\/\/www.abogadoquilpue.cl\/index.php\/nosotros\/\" \/>\n<meta property=\"og:site_name\" content=\"Abogados Quilpu\u00e9\" \/>\n<meta property=\"article:modified_time\" content=\"2015-06-27T01:57:17+00:00\" \/>\n<meta name=\"twitter:card\" content=\"summary_large_image\" \/>\n<script type=\"application\/ld+json\" class=\"yoast-schema-graph\">{\"@context\":\"https:\\\/\\\/schema.org\",\"@graph\":[{\"@type\":\"WebPage\",\"@id\":\"http:\\\/\\\/www.abogadoquilpue.cl\\\/index.php\\\/nosotros\\\/\",\"url\":\"http:\\\/\\\/www.abogadoquilpue.cl\\\/index.php\\\/nosotros\\\/\",\"name\":\"Nosotros - Abogados Quilpu\u00e9\",\"isPartOf\":{\"@id\":\"https:\\\/\\\/www.abogadoquilpue.cl\\\/#website\"},\"datePublished\":\"2015-06-17T12:20:24+00:00\",\"dateModified\":\"2015-06-27T01:57:17+00:00\",\"breadcrumb\":{\"@id\":\"http:\\\/\\\/www.abogadoquilpue.cl\\\/index.php\\\/nosotros\\\/#breadcrumb\"},\"inLanguage\":\"es\",\"potentialAction\":[{\"@type\":\"ReadAction\",\"target\":[\"http:\\\/\\\/www.abogadoquilpue.cl\\\/index.php\\\/nosotros\\\/\"]}]},{\"@type\":\"BreadcrumbList\",\"@id\":\"http:\\\/\\\/www.abogadoquilpue.cl\\\/index.php\\\/nosotros\\\/#breadcrumb\",\"itemListElement\":[{\"@type\":\"ListItem\",\"position\":1,\"name\":\"Portada\",\"item\":\"https:\\\/\\\/www.abogadoquilpue.cl\\\/\"},{\"@type\":\"ListItem\",\"position\":2,\"name\":\"Nosotros\"}]},{\"@type\":\"WebSite\",\"@id\":\"https:\\\/\\\/www.abogadoquilpue.cl\\\/#website\",\"url\":\"https:\\\/\\\/www.abogadoquilpue.cl\\\/\",\"name\":\"Abogados Quilpu\u00e9\",\"description\":\"Consultorio Jur\u00eddico\",\"potentialAction\":[{\"@type\":\"SearchAction\",\"target\":{\"@type\":\"EntryPoint\",\"urlTemplate\":\"https:\\\/\\\/www.abogadoquilpue.cl\\\/?s={search_term_string}\"},\"query-input\":{\"@type\":\"PropertyValueSpecification\",\"valueRequired\":true,\"valueName\":\"search_term_string\"}}],\"inLanguage\":\"es\"}]}<\/script>\n<!-- \/ Yoast SEO plugin. -->","yoast_head_json":{"title":"Nosotros - Abogados Quilpu\u00e9","robots":{"index":"index","follow":"follow","max-snippet":"max-snippet:-1","max-image-preview":"max-image-preview:large","max-video-preview":"max-video-preview:-1"},"canonical":"http:\/\/www.abogadoquilpue.cl\/index.php\/nosotros\/","og_locale":"es_ES","og_type":"article","og_title":"Nosotros - Abogados Quilpu\u00e9","og_description":"ABOGADOS QUILPU\u00c9, es un consultorio jur\u00eddico conformado por abogados con vasta experiencia en las diferentes \u00e1reas en que desarrollan su trabajo, respaldado por un conjunto de estudios jur\u00eddicos que participan en su formaci\u00f3n, con la intenci\u00f3n de profesionalizar el servicio jur\u00eddico proporcionado a sus clientes. Junto con ellos, conjugamos nuestro trabajo entre el respeto a ... Leer m\u00e1s","og_url":"http:\/\/www.abogadoquilpue.cl\/index.php\/nosotros\/","og_site_name":"Abogados Quilpu\u00e9","article_modified_time":"2015-06-27T01:57:17+00:00","twitter_card":"summary_large_image","schema":{"@context":"https:\/\/schema.org","@graph":[{"@type":"WebPage","@id":"http:\/\/www.abogadoquilpue.cl\/index.php\/nosotros\/","url":"http:\/\/www.abogadoquilpue.cl\/index.php\/nosotros\/","name":"Nosotros - Abogados Quilpu\u00e9","isPartOf":{"@id":"https:\/\/www.abogadoquilpue.cl\/#website"},"datePublished":"2015-06-17T12:20:24+00:00","dateModified":"2015-06-27T01:57:17+00:00","breadcrumb":{"@id":"http:\/\/www.abogadoquilpue.cl\/index.php\/nosotros\/#breadcrumb"},"inLanguage":"es","potentialAction":[{"@type":"ReadAction","target":["http:\/\/www.abogadoquilpue.cl\/index.php\/nosotros\/"]}]},{"@type":"BreadcrumbList","@id":"http:\/\/www.abogadoquilpue.cl\/index.php\/nosotros\/#breadcrumb","itemListElement":[{"@type":"ListItem","position":1,"name":"Portada","item":"https:\/\/www.abogadoquilpue.cl\/"},{"@type":"ListItem","position":2,"name":"Nosotros"}]},{"@type":"WebSite","@id":"https:\/\/www.abogadoquilpue.cl\/#website","url":"https:\/\/www.abogadoquilpue.cl\/","name":"Abogados Quilpu\u00e9","description":"Consultorio Jur\u00eddico","potentialAction":[{"@type":"SearchAction","target":{"@type":"EntryPoint","urlTemplate":"https:\/\/www.abogadoquilpue.cl\/?s={search_term_string}"},"query-input":{"@type":"PropertyValueSpecification","valueRequired":true,"valueName":"search_term_string"}}],"inLanguage":"es"}]}},"_links":{"self":[{"href":"https:\/\/www.abogadoquilpue.cl\/index.php\/wp-json\/wp\/v2\/pages\/12","targetHints":{"allow":["GET"]}}],"collection":[{"href":"https:\/\/www.abogadoquilpue.cl\/index.php\/wp-json\/wp\/v2\/pages"}],"about":[{"href":"https:\/\/www.abogadoquilpue.cl\/index.php\/wp-json\/wp\/v2\/types\/page"}],"author":[{"embeddable":true,"href":"https:\/\/www.abogadoquilpue.cl\/index.php\/wp-json\/wp\/v2\/users\/1"}],"replies":[{"embeddable":true,"href":"https:\/\/www.abogadoquilpue.cl\/index.php\/wp-json\/wp\/v2\/comments?post=12"}],"version-history":[{"count":5,"href":"https:\/\/www.abogadoquilpue.cl\/index.php\/wp-json\/wp\/v2\/pages\/12\/revisions"}],"predecessor-version":[{"id":68,"href":"https:\/\/www.abogadoquilpue.cl\/index.php\/wp-json\/wp\/v2\/pages\/12\/revisions\/68"}],"wp:attachment":[{"href":"https:\/\/www.abogadoquilpue.cl\/index.php\/wp-json\/wp\/v2\/media?parent=12"}],"curies":[{"name":"wp","href":"https:\/\/api.w.org\/{rel}","templated":true}]}}